{"id":5293,"date":"2024-04-09T17:30:53","date_gmt":"2024-04-09T17:30:53","guid":{"rendered":"https:\/\/nwajeichukwuka.com.ng\/tn\/?page_id=5293"},"modified":"2024-04-17T19:10:13","modified_gmt":"2024-04-17T19:10:13","slug":"she-lance","status":"publish","type":"page","link":"https:\/\/titekonsult.com\/fr\/she-lance\/","title":{"rendered":"SheLance"},"content":{"rendered":"<div data-elementor-type=\"wp-page\" data-elementor-id=\"5293\" class=\"elementor elementor-5293\">\n\t\t\t\t\t\t<section class=\"elementor-section elementor-top-section elementor-element elementor-element-f0457a4 elementor-section-boxed elementor-section-height-default elementor-section-height-default\" data-id=\"f0457a4\" data-element_type=\"section\" data-e-type=\"section\">\n\t\t\t\t\t\t<div class=\"elementor-container elementor-column-gap-default\">\n\t\t\t\t\t<div class=\"elementor-column elementor-col-100 elementor-top-column elementor-element elementor-element-ea62973\" data-id=\"ea62973\" data-element_type=\"column\" data-e-type=\"column\">\n\t\t\t<div class=\"elementor-widget-wrap elementor-element-populated\">\n\t\t\t\t\t\t<div class=\"elementor-element elementor-element-c7f5357 elementor-widget elementor-widget-Section\" data-id=\"c7f5357\" data-element_type=\"widget\" data-e-type=\"widget\" data-widget_type=\"Section.default\">\n\t\t\t\t<div class=\"elementor-widget-container\">\n\t\t\t\t\t                            <div class=\"section-title sec-alignment text-center\">\r\n                    \r\n                                        \r\n                                            <p >SheLance est un programme ax\u00e9 sur l'investissement dans les femmes, offrant des services de formation et de coaching d\u00e9di\u00e9s \u00e0 l'autonomisation des filles et des femmes. Nous proposons des programmes d'accompagnement visant \u00e0 d\u00e9velopper la dimension f\u00e9minine, y compris sur le plan financier.<\/p>\r\n                                    <\/div>\r\n                    \t\t\t\t<\/div>\n\t\t\t\t<\/div>\n\t\t\t\t<div class=\"elementor-element elementor-element-7ba5682 elementor-widget elementor-widget-eCademyButton\" data-id=\"7ba5682\" data-element_type=\"widget\" data-e-type=\"widget\" data-widget_type=\"eCademyButton.default\">\n\t\t\t\t<div class=\"elementor-widget-container\">\n\t\t\t\t\t        <div class=\"sa-button-title text-center\">\n                            <a href=\"https:\/\/calendly.com\/fridaylagos\/30min\" class=\"default-btn\">\n                     \n                         \n                                        Vous pouvez prendre rendez-vous pour une consultation gratuite.                    <span><\/span>\n                <\/a>\n                    <\/div>\n\n        \t\t\t\t<\/div>\n\t\t\t\t<\/div>\n\t\t\t\t\t<\/div>\n\t\t<\/div>\n\t\t\t\t\t<\/div>\n\t\t<\/section>\n\t\t\t\t<section class=\"elementor-section elementor-top-section elementor-element elementor-element-83816d7 elementor-section-boxed elementor-section-height-default elementor-section-height-default\" data-id=\"83816d7\" data-element_type=\"section\" data-e-type=\"section\">\n\t\t\t\t\t\t<div class=\"elementor-container elementor-column-gap-default\">\n\t\t\t\t\t<div class=\"elementor-column elementor-col-100 elementor-top-column elementor-element elementor-element-153f971\" data-id=\"153f971\" data-element_type=\"column\" data-e-type=\"column\">\n\t\t\t<div class=\"elementor-widget-wrap elementor-element-populated\">\n\t\t\t\t\t\t<div class=\"elementor-element elementor-element-1f579cf elementor-widget elementor-widget-Section\" data-id=\"1f579cf\" data-element_type=\"widget\" data-e-type=\"widget\" data-widget_type=\"Section.default\">\n\t\t\t\t<div class=\"elementor-widget-container\">\n\t\t\t\t\t                            <div class=\"section-title sec-alignment text-center\">\r\n                                            <span class=\"sub-title\">PROGRAMS<\/span>\r\n                    \r\n                                            <h2 >Lib\u00e9rez votre potentiel avec nos programmes transformateurs:<\/h2>\r\n                                        \r\n                                    <\/div>\r\n                    \t\t\t\t<\/div>\n\t\t\t\t<\/div>\n\t\t\t\t<section class=\"elementor-section elementor-inner-section elementor-element elementor-element-d470703 elementor-section-boxed elementor-section-height-default elementor-section-height-default\" data-id=\"d470703\" data-element_type=\"section\" data-e-type=\"section\">\n\t\t\t\t\t\t<div class=\"elementor-container elementor-column-gap-default\">\n\t\t\t\t\t<div class=\"elementor-column elementor-col-50 elementor-inner-column elementor-element elementor-element-219a654\" data-id=\"219a654\" data-element_type=\"column\" data-e-type=\"column\">\n\t\t\t<div class=\"elementor-widget-wrap elementor-element-populated\">\n\t\t\t\t\t\t<div class=\"elementor-element elementor-element-f6e8f04 elementor-widget elementor-widget-image\" data-id=\"f6e8f04\" data-element_type=\"widget\" data-e-type=\"widget\" data-widget_type=\"image.default\">\n\t\t\t\t<div class=\"elementor-widget-container\">\n\t\t\t\t\t\t\t\t\t\t\t\t\t\t\t<img fetchpriority=\"high\" decoding=\"async\" width=\"640\" height=\"427\" src=\"https:\/\/titekonsult.com\/wp-content\/uploads\/2024\/04\/17539-1.jpg\" class=\"attachment-large size-large wp-image-5389\" alt=\"\" srcset=\"https:\/\/titekonsult.com\/wp-content\/uploads\/2024\/04\/17539-1.jpg 1000w, https:\/\/titekonsult.com\/wp-content\/uploads\/2024\/04\/17539-1-600x400.jpg 600w, https:\/\/titekonsult.com\/wp-content\/uploads\/2024\/04\/17539-1-300x200.jpg 300w, https:\/\/titekonsult.com\/wp-content\/uploads\/2024\/04\/17539-1-768x512.jpg 768w, https:\/\/titekonsult.com\/wp-content\/uploads\/2024\/04\/17539-1-18x12.jpg 18w, https:\/\/titekonsult.com\/wp-content\/uploads\/2024\/04\/17539-1-750x500.jpg 750w\" sizes=\"(max-width: 640px) 100vw, 640px\" \/>\t\t\t\t\t\t\t\t\t\t\t\t\t\t\t<\/div>\n\t\t\t\t<\/div>\n\t\t\t\t\t<\/div>\n\t\t<\/div>\n\t\t\t\t<div class=\"elementor-column elementor-col-50 elementor-inner-column elementor-element elementor-element-1e72703\" data-id=\"1e72703\" data-element_type=\"column\" data-e-type=\"column\">\n\t\t\t<div class=\"elementor-widget-wrap elementor-element-populated\">\n\t\t\t\t\t\t<div class=\"elementor-element elementor-element-fdbddf3 elementor-widget elementor-widget-heading\" data-id=\"fdbddf3\" data-element_type=\"widget\" data-e-type=\"widget\" data-widget_type=\"heading.default\">\n\t\t\t\t<div class=\"elementor-widget-container\">\n\t\t\t\t\t<h2 class=\"elementor-heading-title elementor-size-default\">Coaching de carri\u00e8re et de vie<\/h2>\t\t\t\t<\/div>\n\t\t\t\t<\/div>\n\t\t\t\t<div class=\"elementor-element elementor-element-3339325 elementor-widget elementor-widget-text-editor\" data-id=\"3339325\" data-element_type=\"widget\" data-e-type=\"widget\" data-widget_type=\"text-editor.default\">\n\t\t\t\t<div class=\"elementor-widget-container\">\n\t\t\t\t\t\t\t\t\t<p><span>Tite Konsult est un espace d\u00e9di\u00e9 au d\u00e9veloppement et \u00e0 la r\u00e9invention, o\u00f9 l'\u00eatre humain est au c\u0153ur de nos pr\u00e9occupations. Conscients de l'importance de l'aspect humain, nous sommes convaincus que le d\u00e9veloppement des connaissances et l'intelligence \u00e9motionnelle sont des facteurs essentiels pour surmonter les \u00e9tapes importantes de la vie. C'est pourquoi notre personnel qualifi\u00e9 vous accompagne \u00e0 travers les diff\u00e9rentes phases de votre parcours, que vous soyez en d\u00e9but de carri\u00e8re professionnelle, en p\u00e9riode de difficult\u00e9s \u00e9motionnelles, en tant que m\u00e8re seule dans une situation professionnelle d\u00e9licate, en cas de divorce, ou toute autre situation d\u00e9licate.<\/span><\/p>\t\t\t\t\t\t\t\t<\/div>\n\t\t\t\t<\/div>\n\t\t\t\t<div class=\"elementor-element elementor-element-f617012 elementor-widget elementor-widget-eCademyButton\" data-id=\"f617012\" data-element_type=\"widget\" data-e-type=\"widget\" data-widget_type=\"eCademyButton.default\">\n\t\t\t\t<div class=\"elementor-widget-container\">\n\t\t\t\t\t        <div class=\"sa-button-title text-start\">\n                            <a href=\"https:\/\/titekonsult.com\/fr\/contact\/\" class=\"default-btn\">\n                     \n                         \n                                        Prenez rendez-vous d\u00e8s maintenant.                    <span><\/span>\n                <\/a>\n                    <\/div>\n\n        \t\t\t\t<\/div>\n\t\t\t\t<\/div>\n\t\t\t\t\t<\/div>\n\t\t<\/div>\n\t\t\t\t\t<\/div>\n\t\t<\/section>\n\t\t\t\t<div class=\"elementor-element elementor-element-a4f0611 elementor-hidden-desktop elementor-widget elementor-widget-image\" data-id=\"a4f0611\" data-element_type=\"widget\" data-e-type=\"widget\" data-widget_type=\"image.default\">\n\t\t\t\t<div class=\"elementor-widget-container\">\n\t\t\t\t\t\t\t\t\t\t\t\t\t\t\t<img decoding=\"async\" width=\"626\" height=\"626\" src=\"https:\/\/titekonsult.com\/wp-content\/uploads\/2024\/04\/aa-1.jpg\" class=\"attachment-large size-large wp-image-5390\" alt=\"\" srcset=\"https:\/\/titekonsult.com\/wp-content\/uploads\/2024\/04\/aa-1.jpg 626w, https:\/\/titekonsult.com\/wp-content\/uploads\/2024\/04\/aa-1-300x300.jpg 300w, https:\/\/titekonsult.com\/wp-content\/uploads\/2024\/04\/aa-1-100x100.jpg 100w, https:\/\/titekonsult.com\/wp-content\/uploads\/2024\/04\/aa-1-600x600.jpg 600w, https:\/\/titekonsult.com\/wp-content\/uploads\/2024\/04\/aa-1-150x150.jpg 150w, https:\/\/titekonsult.com\/wp-content\/uploads\/2024\/04\/aa-1-12x12.jpg 12w, https:\/\/titekonsult.com\/wp-content\/uploads\/2024\/04\/aa-1-400x400.jpg 400w\" sizes=\"(max-width: 626px) 100vw, 626px\" \/>\t\t\t\t\t\t\t\t\t\t\t\t\t\t\t<\/div>\n\t\t\t\t<\/div>\n\t\t\t\t<section class=\"elementor-section elementor-inner-section elementor-element elementor-element-0796cac elementor-section-boxed elementor-section-height-default elementor-section-height-default\" data-id=\"0796cac\" data-element_type=\"section\" data-e-type=\"section\">\n\t\t\t\t\t\t<div class=\"elementor-container elementor-column-gap-default\">\n\t\t\t\t\t<div class=\"elementor-column elementor-col-50 elementor-inner-column elementor-element elementor-element-2baa95b\" data-id=\"2baa95b\" data-element_type=\"column\" data-e-type=\"column\">\n\t\t\t<div class=\"elementor-widget-wrap elementor-element-populated\">\n\t\t\t\t\t\t<div class=\"elementor-element elementor-element-648aa5c elementor-widget elementor-widget-heading\" data-id=\"648aa5c\" data-element_type=\"widget\" data-e-type=\"widget\" data-widget_type=\"heading.default\">\n\t\t\t\t<div class=\"elementor-widget-container\">\n\t\t\t\t\t<h2 class=\"elementor-heading-title elementor-size-default\">Formation<\/h2>\t\t\t\t<\/div>\n\t\t\t\t<\/div>\n\t\t\t\t<div class=\"elementor-element elementor-element-35e880e elementor-widget elementor-widget-text-editor\" data-id=\"35e880e\" data-element_type=\"widget\" data-e-type=\"widget\" data-widget_type=\"text-editor.default\">\n\t\t\t\t<div class=\"elementor-widget-container\">\n\t\t\t\t\t\t\t\t\t<p><span>Formation en T&amp;I (Traduction et Interpr\u00e9tation), en \u00e9ducation financi\u00e8re, ainsi que sur les technologies des startups, disponibles sur demande.<\/span><\/p>\t\t\t\t\t\t\t\t<\/div>\n\t\t\t\t<\/div>\n\t\t\t\t<div class=\"elementor-element elementor-element-b20fbbc elementor-widget elementor-widget-eCademyButton\" data-id=\"b20fbbc\" data-element_type=\"widget\" data-e-type=\"widget\" data-widget_type=\"eCademyButton.default\">\n\t\t\t\t<div class=\"elementor-widget-container\">\n\t\t\t\t\t        <div class=\"sa-button-title text-start\">\n                            <a href=\"https:\/\/titekonsult.com\/fr\/program-form\/\" class=\"default-btn\">\n                     \n                         \n                                        Commencer                    <span><\/span>\n                <\/a>\n                    <\/div>\n\n        \t\t\t\t<\/div>\n\t\t\t\t<\/div>\n\t\t\t\t\t<\/div>\n\t\t<\/div>\n\t\t\t\t<div class=\"elementor-column elementor-col-50 elementor-inner-column elementor-element elementor-element-244cdf5\" data-id=\"244cdf5\" data-element_type=\"column\" data-e-type=\"column\">\n\t\t\t<div class=\"elementor-widget-wrap elementor-element-populated\">\n\t\t\t\t\t\t<div class=\"elementor-element elementor-element-ce92b95 elementor-hidden-tablet elementor-hidden-mobile elementor-widget elementor-widget-image\" data-id=\"ce92b95\" data-element_type=\"widget\" data-e-type=\"widget\" data-widget_type=\"image.default\">\n\t\t\t\t<div class=\"elementor-widget-container\">\n\t\t\t\t\t\t\t\t\t\t\t\t\t\t\t<img decoding=\"async\" width=\"626\" height=\"626\" src=\"https:\/\/titekonsult.com\/wp-content\/uploads\/2024\/04\/aa-1.jpg\" class=\"attachment-large size-large wp-image-5390\" alt=\"\" srcset=\"https:\/\/titekonsult.com\/wp-content\/uploads\/2024\/04\/aa-1.jpg 626w, https:\/\/titekonsult.com\/wp-content\/uploads\/2024\/04\/aa-1-300x300.jpg 300w, https:\/\/titekonsult.com\/wp-content\/uploads\/2024\/04\/aa-1-100x100.jpg 100w, https:\/\/titekonsult.com\/wp-content\/uploads\/2024\/04\/aa-1-600x600.jpg 600w, https:\/\/titekonsult.com\/wp-content\/uploads\/2024\/04\/aa-1-150x150.jpg 150w, https:\/\/titekonsult.com\/wp-content\/uploads\/2024\/04\/aa-1-12x12.jpg 12w, https:\/\/titekonsult.com\/wp-content\/uploads\/2024\/04\/aa-1-400x400.jpg 400w\" sizes=\"(max-width: 626px) 100vw, 626px\" \/>\t\t\t\t\t\t\t\t\t\t\t\t\t\t\t<\/div>\n\t\t\t\t<\/div>\n\t\t\t\t\t<\/div>\n\t\t<\/div>\n\t\t\t\t\t<\/div>\n\t\t<\/section>\n\t\t\t\t<section class=\"elementor-section elementor-inner-section elementor-element elementor-element-dbd7b2d elementor-section-boxed elementor-section-height-default elementor-section-height-default\" data-id=\"dbd7b2d\" data-element_type=\"section\" data-e-type=\"section\">\n\t\t\t\t\t\t<div class=\"elementor-container elementor-column-gap-default\">\n\t\t\t\t\t<div class=\"elementor-column elementor-col-50 elementor-inner-column elementor-element elementor-element-e2cc547\" data-id=\"e2cc547\" data-element_type=\"column\" data-e-type=\"column\">\n\t\t\t<div class=\"elementor-widget-wrap elementor-element-populated\">\n\t\t\t\t\t\t<div class=\"elementor-element elementor-element-5a0f660 elementor-widget elementor-widget-image\" data-id=\"5a0f660\" data-element_type=\"widget\" data-e-type=\"widget\" data-widget_type=\"image.default\">\n\t\t\t\t<div class=\"elementor-widget-container\">\n\t\t\t\t\t\t\t\t\t\t\t\t\t\t\t<img decoding=\"async\" width=\"640\" height=\"426\" src=\"https:\/\/titekonsult.com\/wp-content\/uploads\/2024\/04\/14354-1.jpg\" class=\"attachment-large size-large wp-image-5388\" alt=\"\" srcset=\"https:\/\/titekonsult.com\/wp-content\/uploads\/2024\/04\/14354-1.jpg 1000w, https:\/\/titekonsult.com\/wp-content\/uploads\/2024\/04\/14354-1-600x399.jpg 600w, https:\/\/titekonsult.com\/wp-content\/uploads\/2024\/04\/14354-1-300x200.jpg 300w, https:\/\/titekonsult.com\/wp-content\/uploads\/2024\/04\/14354-1-768x511.jpg 768w, https:\/\/titekonsult.com\/wp-content\/uploads\/2024\/04\/14354-1-18x12.jpg 18w, https:\/\/titekonsult.com\/wp-content\/uploads\/2024\/04\/14354-1-750x500.jpg 750w\" sizes=\"(max-width: 640px) 100vw, 640px\" \/>\t\t\t\t\t\t\t\t\t\t\t\t\t\t\t<\/div>\n\t\t\t\t<\/div>\n\t\t\t\t\t<\/div>\n\t\t<\/div>\n\t\t\t\t<div class=\"elementor-column elementor-col-50 elementor-inner-column elementor-element elementor-element-f322770\" data-id=\"f322770\" data-element_type=\"column\" data-e-type=\"column\">\n\t\t\t<div class=\"elementor-widget-wrap elementor-element-populated\">\n\t\t\t\t\t\t<div class=\"elementor-element elementor-element-4c1face elementor-widget elementor-widget-heading\" data-id=\"4c1face\" data-element_type=\"widget\" data-e-type=\"widget\" data-widget_type=\"heading.default\">\n\t\t\t\t<div class=\"elementor-widget-container\">\n\t\t\t\t\t<h2 class=\"elementor-heading-title elementor-size-default\">Formation en ligne<\/h2>\t\t\t\t<\/div>\n\t\t\t\t<\/div>\n\t\t\t\t<div class=\"elementor-element elementor-element-d96f1ee elementor-widget elementor-widget-text-editor\" data-id=\"d96f1ee\" data-element_type=\"widget\" data-e-type=\"widget\" data-widget_type=\"text-editor.default\">\n\t\t\t\t<div class=\"elementor-widget-container\">\n\t\t\t\t\t\t\t\t\t<p><span>Cours de formation continue virtuelle en interpr\u00e9tation m\u00e9dicale et l\u00e9gale pour la pr\u00e9paration aux examens de certification prestigieux tels que le NCBMI (National Certified Board of Medical Interpreters) ou le CHHI (Certification Commission for Healthcare Interpreters).<\/span><\/p>\t\t\t\t\t\t\t\t<\/div>\n\t\t\t\t<\/div>\n\t\t\t\t<div class=\"elementor-element elementor-element-a9895e7 elementor-widget elementor-widget-eCademyButton\" data-id=\"a9895e7\" data-element_type=\"widget\" data-e-type=\"widget\" data-widget_type=\"eCademyButton.default\">\n\t\t\t\t<div class=\"elementor-widget-container\">\n\t\t\t\t\t        <div class=\"sa-button-title text-start\">\n                            <a href=\"https:\/\/titekonsult.com\/fr\/program-form\/\" class=\"default-btn\">\n                     \n                         \n                                        S'inscrire maintenant                    <span><\/span>\n                <\/a>\n                    <\/div>\n\n        \t\t\t\t<\/div>\n\t\t\t\t<\/div>\n\t\t\t\t\t<\/div>\n\t\t<\/div>\n\t\t\t\t\t<\/div>\n\t\t<\/section>\n\t\t\t\t<section class=\"elementor-section elementor-inner-section elementor-element elementor-element-f38187f elementor-section-boxed elementor-section-height-default elementor-section-height-default\" data-id=\"f38187f\" data-element_type=\"section\" data-e-type=\"section\">\n\t\t\t\t\t\t<div class=\"elementor-container elementor-column-gap-default\">\n\t\t\t\t\t<div class=\"elementor-column elementor-col-100 elementor-inner-column elementor-element elementor-element-9ab72ec\" data-id=\"9ab72ec\" data-element_type=\"column\" data-e-type=\"column\">\n\t\t\t<div class=\"elementor-widget-wrap elementor-element-populated\">\n\t\t\t\t\t\t<div class=\"elementor-element elementor-element-34658f8 elementor-widget elementor-widget-heading\" data-id=\"34658f8\" data-element_type=\"widget\" data-e-type=\"widget\" data-widget_type=\"heading.default\">\n\t\t\t\t<div class=\"elementor-widget-container\">\n\t\t\t\t\t<h2 class=\"elementor-heading-title elementor-size-default\">Prendre rendez-vous\u200b<\/h2>\t\t\t\t<\/div>\n\t\t\t\t<\/div>\n\t\t\t\t<div class=\"elementor-element elementor-element-17edb74 elementor-widget elementor-widget-eCademyButton\" data-id=\"17edb74\" data-element_type=\"widget\" data-e-type=\"widget\" data-widget_type=\"eCademyButton.default\">\n\t\t\t\t<div class=\"elementor-widget-container\">\n\t\t\t\t\t        <div class=\"sa-button-title text-center\">\n                            <a href=\"https:\/\/calendly.com\/fridaylagos\/30min\" target=\"_blank\" class=\"default-btn\">\n                     \n                         \n                                                     \n                                        Entrer en contact                    <span><\/span>\n                <\/a>\n                    <\/div>\n\n        \t\t\t\t<\/div>\n\t\t\t\t<\/div>\n\t\t\t\t\t<\/div>\n\t\t<\/div>\n\t\t\t\t\t<\/div>\n\t\t<\/section>\n\t\t\t\t\t<\/div>\n\t\t<\/div>\n\t\t\t\t\t<\/div>\n\t\t<\/section>\n\t\t\t\t<\/div>","protected":false},"excerpt":{"rendered":"<p>A dedicated platform that invests in women&#8217;s skills and emboldens them to realize their full potential while transforming their strengths <\/p>","protected":false},"author":1,"featured_media":0,"parent":0,"menu_order":0,"comment_status":"closed","ping_status":"closed","template":"","meta":{"_acf_changed":false,"footnotes":""},"class_list":["post-5293","page","type-page","status-publish","hentry"],"acf":[],"_links":{"self":[{"href":"https:\/\/titekonsult.com\/fr\/wp-json\/wp\/v2\/pages\/5293","targetHints":{"allow":["GET"]}}],"collection":[{"href":"https:\/\/titekonsult.com\/fr\/wp-json\/wp\/v2\/pages"}],"about":[{"href":"https:\/\/titekonsult.com\/fr\/wp-json\/wp\/v2\/types\/page"}],"author":[{"embeddable":true,"href":"https:\/\/titekonsult.com\/fr\/wp-json\/wp\/v2\/users\/1"}],"replies":[{"embeddable":true,"href":"https:\/\/titekonsult.com\/fr\/wp-json\/wp\/v2\/comments?post=5293"}],"version-history":[{"count":3,"href":"https:\/\/titekonsult.com\/fr\/wp-json\/wp\/v2\/pages\/5293\/revisions"}],"predecessor-version":[{"id":5405,"href":"https:\/\/titekonsult.com\/fr\/wp-json\/wp\/v2\/pages\/5293\/revisions\/5405"}],"wp:attachment":[{"href":"https:\/\/titekonsult.com\/fr\/wp-json\/wp\/v2\/media?parent=5293"}],"curies":[{"name":"wp","href":"https:\/\/api.w.org\/{rel}","templated":true}]}}